{"id":727,"date":"2010-04-22T10:47:04","date_gmt":"2010-04-22T09:47:04","guid":{"rendered":"http:\/\/test.haus-schwarzenberg.org\/?page_id=727"},"modified":"2018-05-24T13:01:23","modified_gmt":"2018-05-24T11:01:23","slug":"mitgliedschaft","status":"publish","type":"page","link":"https:\/\/haus-schwarzenberg.org\/en\/schwarzenberg-e-v\/mitgliedschaft\/","title":{"rendered":"Membership"},"content":{"rendered":"<p>Members of Schwarzenberg e.V. support one of the last houses that has retained the charm of the old Spandau suburb - in an almost completely gentrified center! In addition, members of Schwarzenberg e.V. are the first to receive information about the activities of the association and events organized by us such as exhibitions, lectures, book presentations, concerts and DJ evenings<\/p>\n<p><strong>Membership types:<\/strong><\/p>\n<p><strong>Passive Mitgliedschaft:<\/strong> normale Mitglieder zahlen einen Beitrag von 25,00 Euro im Jahr. *<\/p>\n<p><strong>F\u00f6rdermitgliedschaft:<\/strong> Supporting members pay an annual membership fee of at least 50.00 euros per year; there is no upper limit. If you have the interest and the opportunity to support the association even more, this type of membership is the right one for you! *<\/p>\n<p><em>* Der Jahresbeitrag ist j\u00e4hrlich <span style=\"text-decoration: underline;\">im Voraus<\/span> zu entrichten. Ich kann meine Mitgliedschaft jederzeit zum Ablauf des Jahres k\u00fcndigen. Achtung: G\u00fcltig ist nicht das Kalenderjahr, sondern ein Jahreszeitraum beginnend mit der Aufnahme in den Verein.<\/em><\/p>\n<p>Zum Erwerb der Mitgliedschaft m\u00fcssen Bewerber:<br \/>\n1. <a href=\"https:\/\/haus-schwarzenberg.org\/wp-content\/uploads\/Satzung.pdf\">Der Satzung<\/a> zustimmen;<br \/>\n2. Folgendes <a href=\"https:\/\/haus-schwarzenberg.org\/wp-content\/uploads\/Aufnahmeformular_2018.pdf\">Formular<\/a> f\u00fcllen (Hier das <a href=\"https:\/\/haus-schwarzenberg.org\/wp-content\/uploads\/Aufnahmeformular-Fo\u0308rdermitglied_2018.pdf\">Formular<\/a> f\u00fcr F\u00f6rdermitgliedschaft ) oder\u00a0herunterladen und schicken (<a href=\"https:\/\/haus-schwarzenberg.org\/en\/schwarzenberg-e-v\/mitgliedschaft\/\">hier klicken f\u00fcr HTTPS Verbindung<\/a> &#8211; Bitte <a href=\"https:\/\/haus-schwarzenberg.org\/en\/kontakt\/impressum\/\">unsere Datenschutzerkl\u00e4rung<\/a> beachten):<br \/>\n\n<div class=\"wpcf7 no-js\" id=\"wpcf7-f2538-o1\" lang=\"de-DE\" dir=\"ltr\" data-wpcf7-id=\"2538\">\n<div class=\"screen-reader-response\"><p role=\"status\" aria-live=\"polite\" aria-atomic=\"true\"><\/p> <ul><\/ul><\/div>\n<form action=\"\/en\/wp-json\/wp\/v2\/pages\/727#wpcf7-f2538-o1\" method=\"post\" class=\"wpcf7-form init\" aria-label=\"Kontaktformular\" novalidate=\"novalidate\" data-status=\"init\" data-trp-original-action=\"\/en\/wp-json\/wp\/v2\/pages\/727#wpcf7-f2538-o1\">\n<fieldset class=\"hidden-fields-container\"><input type=\"hidden\" name=\"_wpcf7\" value=\"2538\" \/><input type=\"hidden\" name=\"_wpcf7_version\" value=\"6.1.5\" \/><input type=\"hidden\" name=\"_wpcf7_locale\" value=\"de_DE\" \/><input type=\"hidden\" name=\"_wpcf7_unit_tag\" value=\"wpcf7-f2538-o1\" \/><input type=\"hidden\" name=\"_wpcf7_container_post\" value=\"0\" \/><input type=\"hidden\" name=\"_wpcf7_posted_data_hash\" value=\"\" \/>\n<\/fieldset>\n<div style=\"padding: 20px; background-color: #ddd; border: sold 1px #bbb\">\n\t<p>Ihr Name (Pflichtfeld)\n\t<\/p>\n\t<p><span class=\"wpcf7-form-control-wrap\" data-name=\"your-name\"><input size=\"40\" maxlength=\"400\" class=\"wpcf7-form-control wpcf7-text wpcf7-validates-as-required\" aria-required=\"true\" aria-invalid=\"false\" value=\"\" type=\"text\" name=\"your-name\" \/><\/span>\n\t<\/p>\n\t<p>Ihre E-Mail-Adresse (Pflichtfeld)\n\t<\/p>\n\t<p><span class=\"wpcf7-form-control-wrap\" data-name=\"your-email\"><input size=\"40\" maxlength=\"400\" class=\"wpcf7-form-control wpcf7-email wpcf7-validates-as-required wpcf7-text wpcf7-validates-as-email\" aria-required=\"true\" aria-invalid=\"false\" value=\"\" type=\"email\" name=\"your-email\" \/><\/span>\n\t<\/p>\n\t<p>Ihre Stra\u00dfe und Hausnummer (Pflichtfeld)\n\t<\/p>\n\t<p><span class=\"wpcf7-form-control-wrap\" data-name=\"text-698\"><input size=\"40\" maxlength=\"400\" class=\"wpcf7-form-control wpcf7-text wpcf7-validates-as-required\" id=\"Str-Hausnr\" aria-required=\"true\" aria-invalid=\"false\" value=\"\" type=\"text\" name=\"text-698\" \/><\/span>\n\t<\/p>\n\t<p>PLZ (Pflichtfeld)\n\t<\/p>\n\t<p><span class=\"wpcf7-form-control-wrap\" data-name=\"text-653\"><input size=\"40\" maxlength=\"400\" class=\"wpcf7-form-control wpcf7-text wpcf7-validates-as-required\" id=\"PLZ\" aria-required=\"true\" aria-invalid=\"false\" value=\"\" type=\"text\" name=\"text-653\" \/><\/span>\n\t<\/p>\n\t<p>Ort (Pflichtfeld)\n\t<\/p>\n\t<p><span class=\"wpcf7-form-control-wrap\" data-name=\"text-291\"><input size=\"40\" maxlength=\"400\" class=\"wpcf7-form-control wpcf7-text wpcf7-validates-as-required\" id=\"Ort\" aria-required=\"true\" aria-invalid=\"false\" value=\"\" type=\"text\" name=\"text-291\" \/><\/span>\n\t<\/p>\n\t<p>Telefon\n\t<\/p>\n\t<p><span class=\"wpcf7-form-control-wrap\" data-name=\"tel-602\"><input size=\"40\" maxlength=\"400\" class=\"wpcf7-form-control wpcf7-tel wpcf7-text wpcf7-validates-as-tel\" aria-invalid=\"false\" value=\"\" type=\"tel\" name=\"tel-602\" \/><\/span><span id=\"wpcf7-69d7231822f6f-wrapper\" class=\"wpcf7-form-control-wrap mobile-wrap\" ><input type=\"hidden\" name=\"mobile-time-start\" value=\"1775706904\"><input type=\"hidden\" name=\"mobile-time-check\" value=\"19\"><label for=\"wpcf7-69d7231822f6f-field\" class=\"hp-message\">leer lassen<\/label><input id=\"wpcf7-69d7231822f6f-field\"  placeholder=\"tel\"  class=\"wpcf7-form-control wpcf7-text\" type=\"text\" name=\"mobile\" value=\"\" size=\"40\" tabindex=\"-1\" autocomplete=\"new-password\" \/><\/span>\n\t<\/p>\n\t<p>Art der Mitgliedschaft\n\t<\/p>\n\t<p><span class=\"wpcf7-form-control-wrap\" data-name=\"radio-901\"><span class=\"wpcf7-form-control wpcf7-radio\"><span class=\"wpcf7-list-item first\"><label><input type=\"radio\" name=\"radio-901\" value=\"Passive Mitgliedschaft\" \/><span class=\"wpcf7-list-item-label\">Passive Mitgliedschaft<\/span><\/label><\/span><span class=\"wpcf7-list-item last\"><label><input type=\"radio\" name=\"radio-901\" value=\"F\u00f6rdermitgliedschaft\" \/><span class=\"wpcf7-list-item-label\">F\u00f6rdermitgliedschaft<\/span><\/label><\/span><\/span><\/span>\n\t<\/p>\n\t<p>Der Verein informiert vorrangig per E-mail \u00fcber seine Aktivit\u00e4ten.\n\t<\/p>\n\t<p><span class=\"wpcf7-form-control-wrap\" data-name=\"checkbox-445\"><span class=\"wpcf7-form-control wpcf7-checkbox\"><span class=\"wpcf7-list-item first last\"><label><input type=\"checkbox\" name=\"checkbox-445[]\" value=\"Bitte Information per Post schicken\" \/><span class=\"wpcf7-list-item-label\">Bitte Information per Post schicken<\/span><\/label><\/span><\/span><\/span>\n\t<\/p>\n\t<p>Ich habe die Satzung gelesen und nehme sie an: <span class=\"wpcf7-form-control-wrap\" data-name=\"acceptance-54\"><span class=\"wpcf7-form-control wpcf7-acceptance\"><span class=\"wpcf7-list-item\"><input type=\"checkbox\" name=\"acceptance-54\" value=\"1\" aria-invalid=\"false\" \/><\/span><\/span><\/span>\n\t<\/p>\n\t<p>Nachricht (optional)\n\t<\/p>\n\t<p><span class=\"wpcf7-form-control-wrap\" data-name=\"your-message\"><textarea cols=\"40\" rows=\"10\" maxlength=\"2000\" class=\"wpcf7-form-control wpcf7-textarea\" aria-invalid=\"false\" name=\"your-message\"><\/textarea><\/span>\n\t<\/p>\n\t<p>Sie sind kein Roboter, oder?\n\t<\/p>\n\t<p><input type=\"hidden\" name=\"_wpcf7_captcha_challenge_captcha-0\" value=\"2384595168\" \/><img loading=\"lazy\" decoding=\"async\" class=\"wpcf7-form-control wpcf7-captchac wpcf7-captcha-captcha-0\" width=\"72\" height=\"24\" alt=\"captcha\" src=\"https:\/\/haus-schwarzenberg.org\/wp-content\/uploads\/wpcf7_captcha\/2384595168.png\" \/><span class=\"wpcf7-form-control-wrap\" data-name=\"captcha-0\"><input size=\"40\" class=\"wpcf7-form-control wpcf7-captchar\" autocomplete=\"off\" aria-invalid=\"false\" value=\"\" type=\"text\" name=\"captcha-0\" \/><\/span>\n\t<\/p>\n\t<p><input class=\"wpcf7-form-control wpcf7-submit has-spinner\" type=\"submit\" value=\"Senden\" \/>\n\t<\/p>\n<\/div><div class=\"wpcf7-response-output\" aria-hidden=\"true\"><\/div>\n<input type=\"hidden\" name=\"trp-form-language\" value=\"en\"\/><\/form>\n<\/div>\n<\/p>","protected":false},"excerpt":{"rendered":"<p>Mitglieder von Schwarzenberg e.V. unterst\u00fctzen eines der letzten H\u00e4user, die sich den Charme der alten Spandauer Vorstadt erhalten haben \u2013 in einer fast v\u00f6llig gentrifizierten Mitte! Dar\u00fcber hinaus bekommen Mitglieder von Schwarzenberg e.V. als erste Informationen \u00fcber die Aktivit\u00e4ten des Vereins und von uns organisierte Veranstaltungen wie Ausstellungen, Vortr\u00e4ge, Buchpr\u00e4sentationen, Konzerte und DJ Abende Mitgliedsarten: &hellip; <a href=\"https:\/\/haus-schwarzenberg.org\/en\/schwarzenberg-e-v\/mitgliedschaft\/\" class=\"more-link\">Continue reading <span class=\"screen-reader-text\">Membership<\/span> <span class=\"meta-nav\">&rarr;<\/span><\/a><\/p>","protected":false},"author":3,"featured_media":0,"parent":20,"menu_order":6,"comment_status":"closed","ping_status":"closed","template":"","meta":{"footnotes":"","_links_to":"","_links_to_target":""},"class_list":["post-727","page","type-page","status-publish","hentry"],"_links":{"self":[{"href":"https:\/\/haus-schwarzenberg.org\/en\/wp-json\/wp\/v2\/pages\/727","targetHints":{"allow":["GET"]}}],"collection":[{"href":"https:\/\/haus-schwarzenberg.org\/en\/wp-json\/wp\/v2\/pages"}],"about":[{"href":"https:\/\/haus-schwarzenberg.org\/en\/wp-json\/wp\/v2\/types\/page"}],"author":[{"embeddable":true,"href":"https:\/\/haus-schwarzenberg.org\/en\/wp-json\/wp\/v2\/users\/3"}],"replies":[{"embeddable":true,"href":"https:\/\/haus-schwarzenberg.org\/en\/wp-json\/wp\/v2\/comments?post=727"}],"version-history":[{"count":13,"href":"https:\/\/haus-schwarzenberg.org\/en\/wp-json\/wp\/v2\/pages\/727\/revisions"}],"predecessor-version":[{"id":3933,"href":"https:\/\/haus-schwarzenberg.org\/en\/wp-json\/wp\/v2\/pages\/727\/revisions\/3933"}],"up":[{"embeddable":true,"href":"https:\/\/haus-schwarzenberg.org\/en\/wp-json\/wp\/v2\/pages\/20"}],"wp:attachment":[{"href":"https:\/\/haus-schwarzenberg.org\/en\/wp-json\/wp\/v2\/media?parent=727"}],"curies":[{"name":"wp","href":"https:\/\/api.w.org\/{rel}","templated":true}]}}