{"id":643,"date":"2010-04-21T15:55:54","date_gmt":"2010-04-21T15:55:54","guid":{"rendered":"http:\/\/test.haus-schwarzenberg.org\/?page_id=643"},"modified":"2010-04-21T15:55:54","modified_gmt":"2010-04-21T15:55:54","slug":"sandra-becker-01","status":"publish","type":"page","link":"https:\/\/haus-schwarzenberg.org\/en\/die-mieter\/sandra-becker-01\/","title":{"rendered":"Sandra Becker 01"},"content":{"rendered":"<p>media art + motion design<\/p>\n<p>Als Bildende K\u00fcnstlerin arbeite ich seit 1991 mit Medien. Wahrnehmungsprozesse stehen im Vordergrund. <br \/>\n In den Video- und Fotoarbeiten sp\u00fcre ich verschiedenen <strong>Blickgeometrien<\/strong> nach. Es ist ein Versuch, die vorbei eilenden Menschen anzuschauen um einen Moment des Innehaltens zu schaffen. Durch den fragmentarischen Ausschnitt wird der Blick auf individuelle Details gelenkt. Diese bilden die Eckpfeiler von Erlebtem und von pers\u00f6nlicher Erfahrung. Es k\u00f6nnten fiktive Geschichten sein. In der Wiederholung verdichtet sich Wirklichkeit zu einer Fiktion. Die einzelnen Gesichter sind bunt. Doch in der Masse wirken sie grau. Umso eindrucksvoller sind ihre Konturen und Kommunikationsebenen. Im Video extrahiert mutieren die Passanten zu Darstellern und wir werden zu Zuschauern.<\/p>\n<p>&#8222;Zudem unterl\u00e4uft sie die normative Totale der \u00dcberwachungskameras, indem sie eine Vielzahl von Standpunkten einnimmt. So setzt sie dem Terror der \u00dcberwachung die, wie sie es nennt, &#8222;<strong>Poesie des Wartens<\/strong>&#8220; entgegen. Nicht das Abbilden des urbanen Raumes ist ihr Ziel, sondern medial eine andere Wirklichkeit zu schaffen, Fragmente fiktiver Geschichten zu erz\u00e4hlen, um so unser Wirklichkeitsbewu\u00dftsein aus dem Gleichgewicht zu bringen.&#8220; <br \/>\n Ralph Lindner, Kunsttheoretiker<\/p>\n<p><a href=\"http:\/\/www.sandrabecker01.de\/\" target=\"_blank\">http:\/\/www.sandrabecker01.de<\/a><\/p>\n<p><img loading=\"lazy\" decoding=\"async\" title=\"am flughafen\" src=\"\/wp-content\/uploads\/sandra_becker.gif\" alt=\"am flughafen\" width=\"174\" height=\"113\" \/><\/p>","protected":false},"excerpt":{"rendered":"<p>media art + motion design Als Bildende K\u00fcnstlerin arbeite ich seit 1991 mit Medien. Wahrnehmungsprozesse stehen im Vordergrund. In den Video- und Fotoarbeiten sp\u00fcre ich verschiedenen Blickgeometrien nach. Es ist ein Versuch, die vorbei eilenden Menschen anzuschauen um einen Moment des Innehaltens zu schaffen. Durch den fragmentarischen Ausschnitt wird der Blick auf individuelle Details gelenkt. &hellip; <a href=\"https:\/\/haus-schwarzenberg.org\/en\/die-mieter\/sandra-becker-01\/\" class=\"more-link\">Continue reading <span class=\"screen-reader-text\">Sandra Becker 01<\/span> <span class=\"meta-nav\">&rarr;<\/span><\/a><\/p>","protected":false},"author":3,"featured_media":0,"parent":420,"menu_order":17,"comment_status":"closed","ping_status":"closed","template":"","meta":{"footnotes":"","_links_to":"","_links_to_target":""},"class_list":["post-643","page","type-page","status-publish","hentry"],"_links":{"self":[{"href":"https:\/\/haus-schwarzenberg.org\/en\/wp-json\/wp\/v2\/pages\/643","targetHints":{"allow":["GET"]}}],"collection":[{"href":"https:\/\/haus-schwarzenberg.org\/en\/wp-json\/wp\/v2\/pages"}],"about":[{"href":"https:\/\/haus-schwarzenberg.org\/en\/wp-json\/wp\/v2\/types\/page"}],"author":[{"embeddable":true,"href":"https:\/\/haus-schwarzenberg.org\/en\/wp-json\/wp\/v2\/users\/3"}],"replies":[{"embeddable":true,"href":"https:\/\/haus-schwarzenberg.org\/en\/wp-json\/wp\/v2\/comments?post=643"}],"version-history":[{"count":0,"href":"https:\/\/haus-schwarzenberg.org\/en\/wp-json\/wp\/v2\/pages\/643\/revisions"}],"up":[{"embeddable":true,"href":"https:\/\/haus-schwarzenberg.org\/en\/wp-json\/wp\/v2\/pages\/420"}],"wp:attachment":[{"href":"https:\/\/haus-schwarzenberg.org\/en\/wp-json\/wp\/v2\/media?parent=643"}],"curies":[{"name":"wp","href":"https:\/\/api.w.org\/{rel}","templated":true}]}}