{"id":591,"date":"2010-04-21T13:58:29","date_gmt":"2010-04-21T12:58:29","guid":{"rendered":"http:\/\/test.haus-schwarzenberg.org\/?page_id=591"},"modified":"2024-08-20T11:56:05","modified_gmt":"2024-08-20T09:56:05","slug":"gegenwart-und-zukunft","status":"publish","type":"page","link":"https:\/\/haus-schwarzenberg.org\/en\/schwarzenberg-e-v\/gegenwart-und-zukunft\/","title":{"rendered":"Present and Future"},"content":{"rendered":"<p>Schwarzenberg ist ein Ort, an dem Geschichte, Gegenwart und Zukunft einander ber\u00fchren und befruchten. In seiner Nutzung durch den Schwarzenberg e.V. lebt die Vision vom Freiraum, an dem sich Kunst und Kultur ungehemmt entfalten, weiter und k\u00e4mpft immer wieder aufs Neue um ihr Fortbestehen \u2013 in Auseinandersetzung mit den realen politischen Verh\u00e4ltnissen. Dieser Kampf wird von der Hoffnung der Vereinsmitglieder auf ein weiterhin lebenswertes Berlin gen\u00e4hrt, das den kulturellen Reichtum, mit dem es sich vermarktet, anerkennt und f\u00f6rdert.<\/p>\n<p>Bis 2026 ist der Verbleib des Vereins in den derzeit genutzten R\u00e4umlichkeiten gesichert \u2013 theoretisch. Praktisch gilt es die Bedingungen des Bleibens auszuhandeln. Vom Ergebnis dieser Verhandlungen h\u00e4ngen letztlich die Handlungsf\u00e4higkeit und damit die Existenz des Vereins mit all seinen kulturellen Aktivit\u00e4ten ab. Das n\u00e4chste Ziel ist es daher, zu Bedingungen bleiben zu k\u00f6nnen, die dem Verein wie seinen Mietern ein unabh\u00e4ngiges Fortbestehen sichern \u2013 bis 2026 und dar\u00fcber hinaus.<\/p>\n<p>Wenn es um das Fortbestehen von Schwarzenberg e.V. zu den aktuellen Konditionen geht, geht es letztlich auch um den Stellenwert der Kunst in unserer Gesellschaft. Wie kaum eine andere Stadt schm\u00fcckt sich Berlin nach au\u00dfen mit seiner alternativen Kunstszene und den g\u00fcnstigen Bedingungen, unter denen Kreative hier leben und arbeiten k\u00f6nnen. Durch seine Lage, sein gewachsenes \u00c4u\u00dferes, das die Spuren alter und j\u00fcngster Geschichte anschaulich vereint, sowie die Koexistenz von Geschichte, Kunst und Kultur ist Haus Schwarzenberg in seiner jetzigen Nutzung ein konstitutiver Bestandteil des kulturellen Berlins. Vor allem auf den vom Verein genutzten Fl\u00e4chen k\u00f6nnen Menschen ihr Leben und ihre Arbeit noch frei gestalten, hier werden Netzwerke internationaler Zusammenarbeit gekn\u00fcpft. Hier trifft die Avantgarde auf den Mainstream statt sich immer weiter in die Au\u00dfenbezirke fl\u00fcchten zu m\u00fcssen und dort unter ihresgleichen zu werken und zu wirken. Trotzdem wird die gegenw\u00e4rtige Nutzung der Vereinsfl\u00e4chen, sprich Galerie, Ateliers, Klub und Kino immer wieder, mal offenkundig, mal eher unterschwellig, zur Disposition gestellt. Sogar seinem unmittelbaren Umfeld gegen\u00fcber sieht sich der Verein bisweilen in die Situation versetzt, das einfordern zu m\u00fcssen, was eigentlich selbstverst\u00e4ndlich sein sollte. Respekt, Toleranz und Offenheit, sowie die ausdr\u00fcckliche Anerkennung seiner Arbeit.<\/p>\n<p>Schwarzenberg teilt mit seinen Unterst\u00fctzern die \u00dcberzeugung, dass es keinen Widerspruch zwischen einem Ort des Gedenkens und einem Ort der avantgardistischen Kunst gibt. Im Gegenteil. Ohne Visionen f\u00fcr Gegenwart und Zukunft verharrt alles Gedenken in der reinen Pose. Die Vision dagegen zieht Schl\u00fcsse aus der Vergangenheit. Hoffnungen f\u00fcr die Zukunft sch\u00f6pfen die Schwarzenberger zum einen aus Geschichten von couragierten Menschen wie Otto Weidt, die in der Vergangenheit im Haus positiv gewirkt haben. Vor allem jedoch sind es die inspirierten und engagierten K\u00fcnstler, die Hoffnung sch\u00fcren, indem sie sich aktiv und kreativ mit unserer medial gepr\u00e4gten und \u00fcberkomplexen modernen Gegenwart auseinander setzen, Kritik an Missst\u00e4nden \u00fcben und nach M\u00f6glichkeiten suchen, unsere heutige und zuk\u00fcnftige Lebenswelt positiv und lebenswert zu gestalten. Es lebe die Utopie!<\/p>","protected":false},"excerpt":{"rendered":"<p>Schwarzenberg ist ein Ort, an dem Geschichte, Gegenwart und Zukunft einander ber\u00fchren und befruchten. In seiner Nutzung durch den Schwarzenberg e.V. lebt die Vision vom Freiraum, an dem sich Kunst und Kultur ungehemmt entfalten, weiter und k\u00e4mpft immer wieder aufs Neue um ihr Fortbestehen \u2013 in Auseinandersetzung mit den realen politischen Verh\u00e4ltnissen. Dieser Kampf wird &hellip; <a href=\"https:\/\/haus-schwarzenberg.org\/en\/schwarzenberg-e-v\/gegenwart-und-zukunft\/\" class=\"more-link\">Continue reading <span class=\"screen-reader-text\">Present and Future<\/span> <span class=\"meta-nav\">&rarr;<\/span><\/a><\/p>","protected":false},"author":3,"featured_media":0,"parent":20,"menu_order":2,"comment_status":"closed","ping_status":"closed","template":"","meta":{"footnotes":"","_links_to":"","_links_to_target":""},"class_list":["post-591","page","type-page","status-publish","hentry"],"_links":{"self":[{"href":"https:\/\/haus-schwarzenberg.org\/en\/wp-json\/wp\/v2\/pages\/591","targetHints":{"allow":["GET"]}}],"collection":[{"href":"https:\/\/haus-schwarzenberg.org\/en\/wp-json\/wp\/v2\/pages"}],"about":[{"href":"https:\/\/haus-schwarzenberg.org\/en\/wp-json\/wp\/v2\/types\/page"}],"author":[{"embeddable":true,"href":"https:\/\/haus-schwarzenberg.org\/en\/wp-json\/wp\/v2\/users\/3"}],"replies":[{"embeddable":true,"href":"https:\/\/haus-schwarzenberg.org\/en\/wp-json\/wp\/v2\/comments?post=591"}],"version-history":[{"count":2,"href":"https:\/\/haus-schwarzenberg.org\/en\/wp-json\/wp\/v2\/pages\/591\/revisions"}],"predecessor-version":[{"id":3792,"href":"https:\/\/haus-schwarzenberg.org\/en\/wp-json\/wp\/v2\/pages\/591\/revisions\/3792"}],"up":[{"embeddable":true,"href":"https:\/\/haus-schwarzenberg.org\/en\/wp-json\/wp\/v2\/pages\/20"}],"wp:attachment":[{"href":"https:\/\/haus-schwarzenberg.org\/en\/wp-json\/wp\/v2\/media?parent=591"}],"curies":[{"name":"wp","href":"https:\/\/api.w.org\/{rel}","templated":true}]}}