{"id":588,"date":"2010-04-21T13:57:30","date_gmt":"2010-04-21T12:57:30","guid":{"rendered":"http:\/\/test.haus-schwarzenberg.org\/?page_id=588"},"modified":"2014-02-05T16:40:53","modified_gmt":"2014-02-05T15:40:53","slug":"kampagne-und-versteigerung","status":"publish","type":"page","link":"https:\/\/haus-schwarzenberg.org\/en\/schwarzenberg-e-v\/kampagne-und-versteigerung\/","title":{"rendered":"Kampagne und Versteigerung"},"content":{"rendered":"<p>Das heutige Haus Schwarzenberg war 1997 an die Erbengemeinschaft des j\u00fcdischen Rechtsanwalts Ernst Wachsner r\u00fcck- \u00fcbertragen worden. Die \u00fcber die ganze Welt verstreut lebenden Erben hatten sich nicht auf ein Nutzungskonzept einigen k\u00f6nnen, worauf ihre Anw\u00e4lte eine Zwangsversteigerung beantragt hatten. Mit seiner Aktion \u201eHaus Schwarzenberg bleibt\u201c schuf der Verein im Vorfeld der Versteigerung ein \u00f6ffentliches Bewusstsein f\u00fcr den authentischen Ort an dem Geschichte, Kunst und Kultur einander erg\u00e4nzend und bereichernd ko-existieren. Wer damals mit den Aktivisten zusammen f\u00fcr die Zukunft Schwarzenberg gesehen hatte, lag letztlich richtig! In einer dritten Versteigerungsrunde bekam die Wohnungsbaugesellschaft Mitte am 29. Juli 2004 den Zuschlag f\u00fcr Haus Schwarzenberg und setzte sich damit gegen zwei private Investoren und den Hamburger Immobilienentwickler Harm M\u00fcller-Spreer durch. Schlie\u00dflich waren es Bund und Land, die sich mit der WBM f\u00fcr den Erhalt des seit 1990 unter Denkmalschutz stehenden Hauses einsetzten. Zu der bauhistorischen und sozialgeschichtlichen Bedeutung war mit bekannt Werden der Geschehnisse um Otto Weidt eine historische Bedeutung dazugekommen. Johannes Rau regte die Einrichtung einer nationalen Gedenkst\u00e4tte an. Mit der Ersteigerung durch die WBM stand jedoch zugleich fest, dass die Spuren der j\u00fcngsten Geschichte ein ebenso erhaltenswerter Bestandteil des Baudenkmals und als solcher zu behandeln und zu respektieren sind.<\/p>\n<p><img loading=\"lazy\" decoding=\"async\" title=\"Kampagne\" alt=\"Kampagne\" src=\"\/wp-content\/uploads\/kampagne.jpg\" width=\"500\" height=\"217\" \/><\/p>","protected":false},"excerpt":{"rendered":"<p>Das heutige Haus Schwarzenberg war 1997 an die Erbengemeinschaft des j\u00fcdischen Rechtsanwalts Ernst Wachsner r\u00fcck- \u00fcbertragen worden. Die \u00fcber die ganze Welt verstreut lebenden Erben hatten sich nicht auf ein Nutzungskonzept einigen k\u00f6nnen, worauf ihre Anw\u00e4lte eine Zwangsversteigerung beantragt hatten. Mit seiner Aktion \u201eHaus Schwarzenberg bleibt\u201c schuf der Verein im Vorfeld der Versteigerung ein \u00f6ffentliches &hellip; <a href=\"https:\/\/haus-schwarzenberg.org\/en\/schwarzenberg-e-v\/kampagne-und-versteigerung\/\" class=\"more-link\">Continue reading <span class=\"screen-reader-text\">Kampagne und Versteigerung<\/span> <span class=\"meta-nav\">&rarr;<\/span><\/a><\/p>","protected":false},"author":3,"featured_media":0,"parent":20,"menu_order":1,"comment_status":"closed","ping_status":"closed","template":"","meta":{"footnotes":"","_links_to":"","_links_to_target":""},"class_list":["post-588","page","type-page","status-publish","hentry"],"_links":{"self":[{"href":"https:\/\/haus-schwarzenberg.org\/en\/wp-json\/wp\/v2\/pages\/588","targetHints":{"allow":["GET"]}}],"collection":[{"href":"https:\/\/haus-schwarzenberg.org\/en\/wp-json\/wp\/v2\/pages"}],"about":[{"href":"https:\/\/haus-schwarzenberg.org\/en\/wp-json\/wp\/v2\/types\/page"}],"author":[{"embeddable":true,"href":"https:\/\/haus-schwarzenberg.org\/en\/wp-json\/wp\/v2\/users\/3"}],"replies":[{"embeddable":true,"href":"https:\/\/haus-schwarzenberg.org\/en\/wp-json\/wp\/v2\/comments?post=588"}],"version-history":[{"count":1,"href":"https:\/\/haus-schwarzenberg.org\/en\/wp-json\/wp\/v2\/pages\/588\/revisions"}],"predecessor-version":[{"id":2579,"href":"https:\/\/haus-schwarzenberg.org\/en\/wp-json\/wp\/v2\/pages\/588\/revisions\/2579"}],"up":[{"embeddable":true,"href":"https:\/\/haus-schwarzenberg.org\/en\/wp-json\/wp\/v2\/pages\/20"}],"wp:attachment":[{"href":"https:\/\/haus-schwarzenberg.org\/en\/wp-json\/wp\/v2\/media?parent=588"}],"curies":[{"name":"wp","href":"https:\/\/api.w.org\/{rel}","templated":true}]}}