{"id":584,"date":"2010-04-21T14:32:45","date_gmt":"2010-04-21T13:32:45","guid":{"rendered":"http:\/\/test.haus-schwarzenberg.org\/?page_id=584"},"modified":"2014-02-17T17:38:27","modified_gmt":"2014-02-17T16:38:27","slug":"neurotitan-shop","status":"publish","type":"page","link":"https:\/\/haus-schwarzenberg.org\/en\/schwarzenberg-e-v\/neurotitan-shop\/","title":{"rendered":"The neurotitan Shop"},"content":{"rendered":"<p>Die Geschichte des Shops begann mit dem Verkauf von Ausstellungs- begleitenden Heftchen im Jahre 1997. Diese ersten Comics waren der Grundstein zu dem Laden, der seitdem kontinuierlich bis zur jetzigen Gr\u00f6\u00dfe angewachsen ist und sich als Umschlagplatz f\u00fcr experimentelle und ungew\u00f6hnliche Waren etabliert hat.<\/p>\n<p>Abseits kommerziell ausgerichteter Sortimente stellt der neurotitan Shop insbesondere im Bereich der elektronischen Musik und der Siebdruckcomics ein Angebot zur Verf\u00fcgung, welches in dieser Kombination seinesgleichen sucht.<br \/>\nDar\u00fcber hinaus wird eine Auswahl an Publikationen und Waren aus Berlin und der ganzen Welt angeboten: Designb\u00fccher, DVDs, Poster, T-Shirts und Accessoires. Neben renommierten Verlagen wie Reprodukt und dem Gestalten Verlag tummeln sich viele Unikate und Miniverlage im Shop. Es gibt liebevoll gefertigte Postkarten, Buttons und Schmuckst\u00fccke und allerlei h\u00fcbsche und lustige Dinge. Dinge, die man nicht braucht aber trotzdem unbedingt haben muss.<\/p>\n<p><a title=\"The neurotitan Gallery\" href=\"https:\/\/haus-schwarzenberg.org\/en\/schwarzenberg-e-v\/neurotitan-galerie\/\">The neurotitan Gallery<\/a> | <a href=\"http:\/\/neurotitan.de\">neurotitan.de<\/a><\/p>","protected":false},"excerpt":{"rendered":"<p>Die Geschichte des Shops begann mit dem Verkauf von Ausstellungs- begleitenden Heftchen im Jahre 1997. Diese ersten Comics waren der Grundstein zu dem Laden, der seitdem kontinuierlich bis zur jetzigen Gr\u00f6\u00dfe angewachsen ist und sich als Umschlagplatz f\u00fcr experimentelle und ungew\u00f6hnliche Waren etabliert hat. Abseits kommerziell ausgerichteter Sortimente stellt der neurotitan Shop insbesondere im Bereich &hellip; <a href=\"https:\/\/haus-schwarzenberg.org\/en\/schwarzenberg-e-v\/neurotitan-shop\/\" class=\"more-link\">Continue reading <span class=\"screen-reader-text\">The neurotitan Shop<\/span> <span class=\"meta-nav\">&rarr;<\/span><\/a><\/p>","protected":false},"author":3,"featured_media":0,"parent":20,"menu_order":4,"comment_status":"closed","ping_status":"closed","template":"","meta":{"footnotes":"","_links_to":"","_links_to_target":""},"class_list":["post-584","page","type-page","status-publish","hentry"],"_links":{"self":[{"href":"https:\/\/haus-schwarzenberg.org\/en\/wp-json\/wp\/v2\/pages\/584","targetHints":{"allow":["GET"]}}],"collection":[{"href":"https:\/\/haus-schwarzenberg.org\/en\/wp-json\/wp\/v2\/pages"}],"about":[{"href":"https:\/\/haus-schwarzenberg.org\/en\/wp-json\/wp\/v2\/types\/page"}],"author":[{"embeddable":true,"href":"https:\/\/haus-schwarzenberg.org\/en\/wp-json\/wp\/v2\/users\/3"}],"replies":[{"embeddable":true,"href":"https:\/\/haus-schwarzenberg.org\/en\/wp-json\/wp\/v2\/comments?post=584"}],"version-history":[{"count":4,"href":"https:\/\/haus-schwarzenberg.org\/en\/wp-json\/wp\/v2\/pages\/584\/revisions"}],"predecessor-version":[{"id":2619,"href":"https:\/\/haus-schwarzenberg.org\/en\/wp-json\/wp\/v2\/pages\/584\/revisions\/2619"}],"up":[{"embeddable":true,"href":"https:\/\/haus-schwarzenberg.org\/en\/wp-json\/wp\/v2\/pages\/20"}],"wp:attachment":[{"href":"https:\/\/haus-schwarzenberg.org\/en\/wp-json\/wp\/v2\/media?parent=584"}],"curies":[{"name":"wp","href":"https:\/\/api.w.org\/{rel}","templated":true}]}}