{"id":581,"date":"2010-04-21T14:01:14","date_gmt":"2010-04-21T13:01:14","guid":{"rendered":"http:\/\/test.haus-schwarzenberg.org\/?page_id=581"},"modified":"2014-02-17T17:38:00","modified_gmt":"2014-02-17T16:38:00","slug":"neurotitan-galerie","status":"publish","type":"page","link":"https:\/\/haus-schwarzenberg.org\/en\/schwarzenberg-e-v\/neurotitan-galerie\/","title":{"rendered":"The neurotitan Gallery"},"content":{"rendered":"<p>Die neurotitan Galerie steht im Zentrum der Vereinsarbeit. Schwarzenberg e.V. f\u00f6rdert unkonventionelle Kunst durch die Bereitstellung von hellen und sch\u00f6nen Pr\u00e4sentationsr\u00e4umen in einem der meist- frequentierten Quartiere der Stadt. Bestehende Grenzen zum etablierten Kunstbetrieb werden hier gezielt in Frage gestellt und verwischt. Auf den hellen 300 Quadratmetern Galeriefl\u00e4che stellen neben bekannten Gr\u00f6\u00dfen vornehmlich junge und noch unbekannte K\u00fcnstler ihre Werke und Projekte aus. Seit einigen Jahren sind es 12 Ausstellungen im Jahr \u2013 Urban Art, Comic Kunst, Illustration und Malerei dominieren das Ausstellungsbild. Performances, Buchpr\u00e4sentationen und kleine Konzerte, sowie Kooperationen mit Festivals bringen die verschiedensten Besucher in die Galerie.<\/p>\n<p><strong>Konzept<\/strong><\/p>\n<p>Da neben den weniger bekannten K\u00fcnstlern auch Gr\u00f6\u00dfen wie Jim Avignon und Danielle de Picciotto ausstellen und kuratieren, ist das neurotitan in der Kunstszene Berlins und der einschl\u00e4gigen internationalen Kunstszene ein Begriff.\u00a0 Das Neurotitan ist mittlerweile mit Einzelk\u00fcnstlern und Gruppen aus der ganzen Welt vernetzt. Die meisten lassen sich im Bereich der Avantgarde oder Subkultur verorten. Wer gerade in Berlin ist kommt zu den Ausstellungser\u00f6ffnungen oder st\u00f6bert durch das einzigartige Sortiment des neurotitan Artshops. Die neurotitan Galerie zeichnet sich damit als konstitutiver Bestandteil einer alternativen Kunstszene aus, die Berlin erst zu der Kunstmetropole macht, als die es vermarktet wird.<\/p>\n<p>Die Vielfalt und Qualit\u00e4t der eingehenden Ausstellungsbewerbungen zeugt von der Attraktivit\u00e4t der neurotitan Galerie als Experimentierfeld und Pr\u00e4sentationsplattform. Die K\u00fcnstlergruppen reichen neben Arbeitsproben Konzepte zur Bespielung der R\u00e4ume ein. Der Verein entscheidet dar\u00fcber, was gezeigt wird, hilft tatkr\u00e4ftig bei organisatorischen Fragen und Pressearbeit und packt mit an, wenn es um Technik und Logistik geht. Um alles \u00dcbrige \u2013 Konzeption und Raumnutzung, Auf und Abbau \u2013 k\u00fcmmern sich die K\u00fcnstler in Eigenregie.<\/p>\n<p><strong>Die Ausstellungen<\/strong><\/p>\n<p>Die argentinischen Streetart Kollektive FASE und DOMA erschlossen sich im Juni 2009 die Mauern von Haus Schwarzenberg auch au\u00dferhalb der Galerie. Dort lassen sich \u2013 auch ganz unabh\u00e4ngig von den jeweiligen Ausstellungen &#8211; die neusten Entwicklungen der internationalen Urban Art Szene ablesen. So manche Szenegr\u00f6\u00dfe verewigte sich bereits an der geschichtstr\u00e4chtigen Fassade, auf der zahlreiche Farb- und Papierschichten eine ganz eigene Textur gebildet haben. Im ersten OG lassen regelm\u00e4\u00dfig stattfindende \u201eFriendly Capitalism Lounges\u201c von Jim Avignon\u00a0 die Galerie bei den Er\u00f6ffnungsabenden aus allen N\u00e4hten platzen und auch die von Danielle de Picciotto kuratierten Gruppenausstellungen mit hochkar\u00e4tigen K\u00fcnstlerinnen und G\u00e4sten aus den Bereichen Pop Art und der Berliner Musikszene sind immer ein gro\u00dfer Erfolg.<\/p>\n<p>Hin und wieder kommt es vor, dass der Verein selbst eine Gruppenausstellung kuratiert. So geschehen beim letzten <strong>Salon Schwarzenberg<\/strong>, der dem Haus verbundene, befreundete sowie von den Mitarbeitern bewunderte K\u00fcnstler zeigte, au\u00dferdem mit der Stencil Ausstellung <strong>Aerosol Fumes<\/strong> im Januar 2010, die f\u00fcnf Berliner Gr\u00f6\u00dfen des Genres versammelte und viel positive Resonanz fand.<\/p>\n<p><a title=\"The neurotitan Shop\" href=\"https:\/\/haus-schwarzenberg.org\/en\/schwarzenberg-e-v\/neurotitan-shop\/\">The neurotitan Shop<\/a> | <a href=\"http:\/\/neurotitan.de\">neurotitan.de<\/a><\/p>","protected":false},"excerpt":{"rendered":"<p>Die neurotitan Galerie steht im Zentrum der Vereinsarbeit. Schwarzenberg e.V. f\u00f6rdert unkonventionelle Kunst durch die Bereitstellung von hellen und sch\u00f6nen Pr\u00e4sentationsr\u00e4umen in einem der meist- frequentierten Quartiere der Stadt. Bestehende Grenzen zum etablierten Kunstbetrieb werden hier gezielt in Frage gestellt und verwischt. Auf den hellen 300 Quadratmetern Galeriefl\u00e4che stellen neben bekannten Gr\u00f6\u00dfen vornehmlich junge und &hellip; <a href=\"https:\/\/haus-schwarzenberg.org\/en\/schwarzenberg-e-v\/neurotitan-galerie\/\" class=\"more-link\">Continue reading <span class=\"screen-reader-text\">The neurotitan Gallery<\/span> <span class=\"meta-nav\">&rarr;<\/span><\/a><\/p>","protected":false},"author":3,"featured_media":0,"parent":20,"menu_order":3,"comment_status":"closed","ping_status":"closed","template":"","meta":{"footnotes":"","_links_to":"","_links_to_target":""},"class_list":["post-581","page","type-page","status-publish","hentry"],"_links":{"self":[{"href":"https:\/\/haus-schwarzenberg.org\/en\/wp-json\/wp\/v2\/pages\/581","targetHints":{"allow":["GET"]}}],"collection":[{"href":"https:\/\/haus-schwarzenberg.org\/en\/wp-json\/wp\/v2\/pages"}],"about":[{"href":"https:\/\/haus-schwarzenberg.org\/en\/wp-json\/wp\/v2\/types\/page"}],"author":[{"embeddable":true,"href":"https:\/\/haus-schwarzenberg.org\/en\/wp-json\/wp\/v2\/users\/3"}],"replies":[{"embeddable":true,"href":"https:\/\/haus-schwarzenberg.org\/en\/wp-json\/wp\/v2\/comments?post=581"}],"version-history":[{"count":5,"href":"https:\/\/haus-schwarzenberg.org\/en\/wp-json\/wp\/v2\/pages\/581\/revisions"}],"predecessor-version":[{"id":2618,"href":"https:\/\/haus-schwarzenberg.org\/en\/wp-json\/wp\/v2\/pages\/581\/revisions\/2618"}],"up":[{"embeddable":true,"href":"https:\/\/haus-schwarzenberg.org\/en\/wp-json\/wp\/v2\/pages\/20"}],"wp:attachment":[{"href":"https:\/\/haus-schwarzenberg.org\/en\/wp-json\/wp\/v2\/media?parent=581"}],"curies":[{"name":"wp","href":"https:\/\/api.w.org\/{rel}","templated":true}]}}