{"id":505,"date":"2010-04-12T12:10:44","date_gmt":"2010-04-12T12:10:44","guid":{"rendered":"http:\/\/test.haus-schwarzenberg.org\/?page_id=505"},"modified":"2016-09-22T12:44:55","modified_gmt":"2016-09-22T10:44:55","slug":"ill-galleriesburo-superclub","status":"publish","type":"page","link":"https:\/\/haus-schwarzenberg.org\/en\/die-mieter\/ill-galleriesburo-superclub\/","title":{"rendered":"ILL Galleries\/B\u00fcro Superclub"},"content":{"rendered":"<p><strong>Ill Galleries<\/strong><\/p>\n<p>Die Ill Galleries entstanden im M\u00e4rz 2003 aus dem Nichts einer vermauerten Durchfahrt und verwandelte die &#8218;alte Pissecke&#8216; am Aufgang D des Haus Schwarzenberg in ein &gt; attraktives Loch &lt; in dem K\u00fcnstler auf kleinstem Raum ihre Arbeiten komprimiert pr\u00e4sentieren k\u00f6nnen.<br \/>\nIll Galleries schuf inmitten eines der inzwischen am meisten kommerzialisiertesten Gebieten Berlins eine rettende Insel f\u00fcr Grenzg\u00e4nger und\u00a0 schillernde Randfiguren&#8230;<\/p>\n<p><a href=\"http:\/\/www.illgalleries.com\" target=\"_blank\">www.illgalleries.com<\/a><\/p>\n<hr \/>\n<p><strong>Superclub Berlin<\/strong><\/p>\n<p>Booty Ghettotech Bass Elektro<br \/>\n&#8211; Organisiert Clubn\u00e4chte und Konzerte zeit 1999 in Berlin.<\/p>\n<p><a href=\"http:\/\/www.super-club.org\" target=\"_blank\">www.super-club.org<\/a><\/p>\n<p><img loading=\"lazy\" decoding=\"async\" title=\"eingang ill galleries\" src=\"\/wp-content\/uploads\/door-superclub.jpg\" alt=\"eingang ill galleries\" width=\"391\" height=\"500\" \/><\/p>","protected":false},"excerpt":{"rendered":"<p>Ill Galleries Die Ill Galleries entstanden im M\u00e4rz 2003 aus dem Nichts einer vermauerten Durchfahrt und verwandelte die &#8218;alte Pissecke&#8216; am Aufgang D des Haus Schwarzenberg in ein &gt; attraktives Loch &lt; in dem K\u00fcnstler auf kleinstem Raum ihre Arbeiten komprimiert pr\u00e4sentieren k\u00f6nnen. Ill Galleries schuf inmitten eines der inzwischen am meisten kommerzialisiertesten Gebieten Berlins &hellip; <a href=\"https:\/\/haus-schwarzenberg.org\/en\/die-mieter\/ill-galleriesburo-superclub\/\" class=\"more-link\">Continue reading <span class=\"screen-reader-text\">ILL Galleries\/B\u00fcro Superclub<\/span> <span class=\"meta-nav\">&rarr;<\/span><\/a><\/p>","protected":false},"author":3,"featured_media":0,"parent":420,"menu_order":9,"comment_status":"closed","ping_status":"closed","template":"","meta":{"footnotes":"","_links_to":"","_links_to_target":""},"class_list":["post-505","page","type-page","status-publish","hentry"],"_links":{"self":[{"href":"https:\/\/haus-schwarzenberg.org\/en\/wp-json\/wp\/v2\/pages\/505","targetHints":{"allow":["GET"]}}],"collection":[{"href":"https:\/\/haus-schwarzenberg.org\/en\/wp-json\/wp\/v2\/pages"}],"about":[{"href":"https:\/\/haus-schwarzenberg.org\/en\/wp-json\/wp\/v2\/types\/page"}],"author":[{"embeddable":true,"href":"https:\/\/haus-schwarzenberg.org\/en\/wp-json\/wp\/v2\/users\/3"}],"replies":[{"embeddable":true,"href":"https:\/\/haus-schwarzenberg.org\/en\/wp-json\/wp\/v2\/comments?post=505"}],"version-history":[{"count":3,"href":"https:\/\/haus-schwarzenberg.org\/en\/wp-json\/wp\/v2\/pages\/505\/revisions"}],"predecessor-version":[{"id":3154,"href":"https:\/\/haus-schwarzenberg.org\/en\/wp-json\/wp\/v2\/pages\/505\/revisions\/3154"}],"up":[{"embeddable":true,"href":"https:\/\/haus-schwarzenberg.org\/en\/wp-json\/wp\/v2\/pages\/420"}],"wp:attachment":[{"href":"https:\/\/haus-schwarzenberg.org\/en\/wp-json\/wp\/v2\/media?parent=505"}],"curies":[{"name":"wp","href":"https:\/\/api.w.org\/{rel}","templated":true}]}}