{"id":437,"date":"2010-04-06T13:27:15","date_gmt":"2010-04-06T13:27:15","guid":{"rendered":"http:\/\/test.haus-schwarzenberg.org\/?page_id=437"},"modified":"2016-09-26T10:48:27","modified_gmt":"2016-09-26T08:48:27","slug":"eschschloraque-rumschrump","status":"publish","type":"page","link":"https:\/\/haus-schwarzenberg.org\/en\/die-mieter\/eschschloraque-rumschrump\/","title":{"rendered":"Eschschloraque R\u00fcmschr\u00fcmp"},"content":{"rendered":"<p><span class=\"_c24 _50f4\">Das <strong>Eschschloraque R\u00fcmschr\u00fcmp<\/strong>, ehemalige Vereinsbar, K\u00fcnstlerclub und Kaffeekaschemme, hat schon l\u00e4ngst Kultstatus erreicht. Neben zahlenden G\u00e4sten, bev\u00f6lkern alle erdenklichen Monster \u2013 Kreaturen der DeadChickens \u2013 das Halbdunkel des Clubs. Hier finden ausgesuchte Konzerte, DJ-N\u00e4chte und Partys statt. Das musikalische Spektrum reicht von elektronisch \u00fcber experimentell bis hin zu Punk, Rock und bisweilen orientalischer Musik. Im Eschschloraque kommt ein manchmal krude gemischtes Publikum aus alternativen bis adretten Touristen, Stammg\u00e4sten und sonstigen Alt- und Neu-Berlinern zusammen. W\u00e4hrend die einen eher zuf\u00e4llig hereinstolpern, ist das Eschschloraque f\u00fcr andere Wohnzimmer und nat\u00fcrlicher Lebensraum. Dementsprechend ist im Zwielicht der Monsterbar alles m\u00f6glich. Oft explodiert die Party ganz unerwartet und manch einer, der nur ein Bierchen hatte trinken wollen, stolpert in den Morgenstunden nach durchtanzter Nacht in den Hof. In anderen N\u00e4chten versackt man einfach mit seinem Drink im Sofa oder bleibt an der Bar kleben, in angenehm seltsame Gespr\u00e4che mit seltsamen Menschen verwickelt, bei minimalistischem Electrosound oder kratziger Barmusik. Tags\u00fcber, ab 14 Uhr, ist die Eschschloraque Kaffeekaschemme offen und l\u00e4dt den Flaneur zur ruhigen und erholsamen Einkehr abseits des trubeligen Gro\u00dfstadttreibens ein.<br \/>\n<\/span><\/p>\n<p><a title=\"eschschloraque.de\" href=\"http:\/\/www.eschschloraque.de\">eschschloraque.de<\/a><\/p>","protected":false},"excerpt":{"rendered":"<p>Das Eschschloraque R\u00fcmschr\u00fcmp, ehemalige Vereinsbar, K\u00fcnstlerclub und Kaffeekaschemme, hat schon l\u00e4ngst Kultstatus erreicht. Neben zahlenden G\u00e4sten, bev\u00f6lkern alle erdenklichen Monster \u2013 Kreaturen der DeadChickens \u2013 das Halbdunkel des Clubs. Hier finden ausgesuchte Konzerte, DJ-N\u00e4chte und Partys statt. Das musikalische Spektrum reicht von elektronisch \u00fcber experimentell bis hin zu Punk, Rock und bisweilen orientalischer Musik. Im &hellip; <a href=\"https:\/\/haus-schwarzenberg.org\/en\/die-mieter\/eschschloraque-rumschrump\/\" class=\"more-link\">Continue reading <span class=\"screen-reader-text\">Eschschloraque R\u00fcmschr\u00fcmp<\/span> <span class=\"meta-nav\">&rarr;<\/span><\/a><\/p>","protected":false},"author":3,"featured_media":0,"parent":420,"menu_order":3,"comment_status":"closed","ping_status":"closed","template":"","meta":{"footnotes":"","_links_to":"","_links_to_target":""},"class_list":["post-437","page","type-page","status-publish","hentry"],"_links":{"self":[{"href":"https:\/\/haus-schwarzenberg.org\/en\/wp-json\/wp\/v2\/pages\/437","targetHints":{"allow":["GET"]}}],"collection":[{"href":"https:\/\/haus-schwarzenberg.org\/en\/wp-json\/wp\/v2\/pages"}],"about":[{"href":"https:\/\/haus-schwarzenberg.org\/en\/wp-json\/wp\/v2\/types\/page"}],"author":[{"embeddable":true,"href":"https:\/\/haus-schwarzenberg.org\/en\/wp-json\/wp\/v2\/users\/3"}],"replies":[{"embeddable":true,"href":"https:\/\/haus-schwarzenberg.org\/en\/wp-json\/wp\/v2\/comments?post=437"}],"version-history":[{"count":4,"href":"https:\/\/haus-schwarzenberg.org\/en\/wp-json\/wp\/v2\/pages\/437\/revisions"}],"predecessor-version":[{"id":3165,"href":"https:\/\/haus-schwarzenberg.org\/en\/wp-json\/wp\/v2\/pages\/437\/revisions\/3165"}],"up":[{"embeddable":true,"href":"https:\/\/haus-schwarzenberg.org\/en\/wp-json\/wp\/v2\/pages\/420"}],"wp:attachment":[{"href":"https:\/\/haus-schwarzenberg.org\/en\/wp-json\/wp\/v2\/media?parent=437"}],"curies":[{"name":"wp","href":"https:\/\/api.w.org\/{rel}","templated":true}]}}