{"id":431,"date":"2010-04-06T13:24:41","date_gmt":"2010-04-06T13:24:41","guid":{"rendered":"http:\/\/test.haus-schwarzenberg.org\/?page_id=431"},"modified":"2014-02-17T17:34:31","modified_gmt":"2014-02-17T16:34:31","slug":"neurotitan-galerie-und-artshop","status":"publish","type":"page","link":"https:\/\/haus-schwarzenberg.org\/en\/die-mieter\/schwarzenberg-e-v\/neurotitan-galerie-und-artshop\/","title":{"rendered":"neurotitan Gallery and Shop"},"content":{"rendered":"<p>Das pulsierende Herz des Schwarzenberg e.V. befindet sich im ersten Obergescho\u00df des Hinterhauses. Durch ein mit tags, Postern und Graffitis \u00fcbers\u00e4tes Treppenhaus \u2013 sicher unter den Top 10 der Berliner Fotomotive &#8211; gelangt man in den neurotitan Artshop und die neurotitan Galerie. Hier finden aufgeschlossene Kunstfreunde, Comicnerds und Liebhaber elektronischer Musik ein ungew\u00f6hnliches Angebot, in dem sich die Vielfalt der Berliner Kunst- und Kulturszene jenseits des Mainstream widerspiegelt. Sowohl die Galerie als auch der Shop pr\u00e4sentieren und vertreten vornehmlich junge K\u00fcnstler, die sich im Spannungsfeld von Experiment, Subkultur und anerkanntem Kulturbetrieb bewegen.<\/p>\n<p><a title=\"The neurotitan Gallery\" href=\"https:\/\/haus-schwarzenberg.org\/en\/schwarzenberg-e-v\/neurotitan-galerie\/\">Mehr \u00fcber die Galerie<\/a> | <a title=\"The neurotitan Shop\" href=\"https:\/\/haus-schwarzenberg.org\/en\/schwarzenberg-e-v\/neurotitan-shop\/\">Mehr \u00fcber den Shop<\/a> | <a title=\"neurotitan.de\" href=\"http:\/\/neurotitan.de\">http:\/\/neurotitan.de<\/a><\/p>","protected":false},"excerpt":{"rendered":"<p>Das pulsierende Herz des Schwarzenberg e.V. befindet sich im ersten Obergescho\u00df des Hinterhauses. Durch ein mit tags, Postern und Graffitis \u00fcbers\u00e4tes Treppenhaus \u2013 sicher unter den Top 10 der Berliner Fotomotive &#8211; gelangt man in den neurotitan Artshop und die neurotitan Galerie. Hier finden aufgeschlossene Kunstfreunde, Comicnerds und Liebhaber elektronischer Musik ein ungew\u00f6hnliches Angebot, in &hellip; <a href=\"https:\/\/haus-schwarzenberg.org\/en\/die-mieter\/schwarzenberg-e-v\/neurotitan-galerie-und-artshop\/\" class=\"more-link\">Continue reading <span class=\"screen-reader-text\">neurotitan Gallery and Shop<\/span> <span class=\"meta-nav\">&rarr;<\/span><\/a><\/p>","protected":false},"author":3,"featured_media":0,"parent":425,"menu_order":2,"comment_status":"closed","ping_status":"closed","template":"","meta":{"footnotes":"","_links_to":"","_links_to_target":""},"class_list":["post-431","page","type-page","status-publish","hentry"],"_links":{"self":[{"href":"https:\/\/haus-schwarzenberg.org\/en\/wp-json\/wp\/v2\/pages\/431","targetHints":{"allow":["GET"]}}],"collection":[{"href":"https:\/\/haus-schwarzenberg.org\/en\/wp-json\/wp\/v2\/pages"}],"about":[{"href":"https:\/\/haus-schwarzenberg.org\/en\/wp-json\/wp\/v2\/types\/page"}],"author":[{"embeddable":true,"href":"https:\/\/haus-schwarzenberg.org\/en\/wp-json\/wp\/v2\/users\/3"}],"replies":[{"embeddable":true,"href":"https:\/\/haus-schwarzenberg.org\/en\/wp-json\/wp\/v2\/comments?post=431"}],"version-history":[{"count":4,"href":"https:\/\/haus-schwarzenberg.org\/en\/wp-json\/wp\/v2\/pages\/431\/revisions"}],"predecessor-version":[{"id":2616,"href":"https:\/\/haus-schwarzenberg.org\/en\/wp-json\/wp\/v2\/pages\/431\/revisions\/2616"}],"up":[{"embeddable":true,"href":"https:\/\/haus-schwarzenberg.org\/en\/wp-json\/wp\/v2\/pages\/425"}],"wp:attachment":[{"href":"https:\/\/haus-schwarzenberg.org\/en\/wp-json\/wp\/v2\/media?parent=431"}],"curies":[{"name":"wp","href":"https:\/\/api.w.org\/{rel}","templated":true}]}}