{"id":425,"date":"2010-04-06T13:21:54","date_gmt":"2010-04-06T13:21:54","guid":{"rendered":"http:\/\/test.haus-schwarzenberg.org\/?page_id=425"},"modified":"2014-01-29T20:40:58","modified_gmt":"2014-01-29T19:40:58","slug":"schwarzenberg-e-v","status":"publish","type":"page","link":"https:\/\/haus-schwarzenberg.org\/en\/die-mieter\/schwarzenberg-e-v\/","title":{"rendered":"Schwarzenberg e.V."},"content":{"rendered":"<p>So hei\u00dft der seit 1995 eingetragene Verein in Berlin Mitte, der dem Haus seinen Namen gegeben hat. \u201eZweck des Vereins ist es, k\u00fcnstlerische Aktivit\u00e4ten aller Art zu erm\u00f6glichen und zu f\u00f6rdern. Dies schlie\u00dft die Schaffung und den Erhalt marktunabh\u00e4ngiger Arbeits- und Pr\u00e4sentationsm\u00f6glichkeiten ebenso ein, wie die F\u00f6rderung der Kommunikation und Zusammenarbeit von K\u00fcnstlern verschiedener Bereiche untereinander. Besonderes Augenmerk soll dabei auf die F\u00f6rderung und Betreuung von jungen und unkommerziellen K\u00fcnstlern gelegt werden.\u201c (Auszug aus der Satzung von 1995). Diese auferlegten Zwecke verfolgt der im hinteren Bereich des Geb\u00e4udes ans\u00e4ssige Verein nachdr\u00fccklich und mit viel positiver Resonanz: die neurotitan Galerie ist eine begehrte und bekannte Pr\u00e4sentationsfl\u00e4che f\u00fcr junge K\u00fcnstler. Aktuell 20 Untermietern aus den Bereichen Kunst und Design, einer Booking und eine Castingagentur, einem Kino, einer weitere Galerie und einem K\u00fcnstlerclub stellt der Verein g\u00fcnstige und attraktive Arbeits- und Pr\u00e4sentationsfl\u00e4chen zur Verf\u00fcgung. Die ans\u00e4ssigen Kulturschaffenden kommen z.T. aus Australien, Japan, Canada und Israel und ziehen ein internationales und treues Klientel in das Haus, das ma\u00dfgeblich zur dessen unverwechselbarer Atmosph\u00e4re beitr\u00e4gt. <a href=\"\/en\/?page_id=20\">MEHR<\/a><\/p>","protected":false},"excerpt":{"rendered":"<p>So hei\u00dft der seit 1995 eingetragene Verein in Berlin Mitte, der dem Haus seinen Namen gegeben hat. \u201eZweck des Vereins ist es, k\u00fcnstlerische Aktivit\u00e4ten aller Art zu erm\u00f6glichen und zu f\u00f6rdern. Dies schlie\u00dft die Schaffung und den Erhalt marktunabh\u00e4ngiger Arbeits- und Pr\u00e4sentationsm\u00f6glichkeiten ebenso ein, wie die F\u00f6rderung der Kommunikation und Zusammenarbeit von K\u00fcnstlern verschiedener Bereiche &hellip; <a href=\"https:\/\/haus-schwarzenberg.org\/en\/die-mieter\/schwarzenberg-e-v\/\" class=\"more-link\">Continue reading <span class=\"screen-reader-text\">Schwarzenberg e.V.<\/span> <span class=\"meta-nav\">&rarr;<\/span><\/a><\/p>","protected":false},"author":3,"featured_media":0,"parent":420,"menu_order":1,"comment_status":"closed","ping_status":"closed","template":"","meta":{"footnotes":"","_links_to":"","_links_to_target":""},"class_list":["post-425","page","type-page","status-publish","hentry"],"_links":{"self":[{"href":"https:\/\/haus-schwarzenberg.org\/en\/wp-json\/wp\/v2\/pages\/425","targetHints":{"allow":["GET"]}}],"collection":[{"href":"https:\/\/haus-schwarzenberg.org\/en\/wp-json\/wp\/v2\/pages"}],"about":[{"href":"https:\/\/haus-schwarzenberg.org\/en\/wp-json\/wp\/v2\/types\/page"}],"author":[{"embeddable":true,"href":"https:\/\/haus-schwarzenberg.org\/en\/wp-json\/wp\/v2\/users\/3"}],"replies":[{"embeddable":true,"href":"https:\/\/haus-schwarzenberg.org\/en\/wp-json\/wp\/v2\/comments?post=425"}],"version-history":[{"count":1,"href":"https:\/\/haus-schwarzenberg.org\/en\/wp-json\/wp\/v2\/pages\/425\/revisions"}],"predecessor-version":[{"id":2484,"href":"https:\/\/haus-schwarzenberg.org\/en\/wp-json\/wp\/v2\/pages\/425\/revisions\/2484"}],"up":[{"embeddable":true,"href":"https:\/\/haus-schwarzenberg.org\/en\/wp-json\/wp\/v2\/pages\/420"}],"wp:attachment":[{"href":"https:\/\/haus-schwarzenberg.org\/en\/wp-json\/wp\/v2\/media?parent=425"}],"curies":[{"name":"wp","href":"https:\/\/api.w.org\/{rel}","templated":true}]}}