{"id":420,"date":"2010-04-06T13:20:20","date_gmt":"2010-04-06T13:20:20","guid":{"rendered":"http:\/\/test.haus-schwarzenberg.org\/?page_id=420"},"modified":"2025-05-06T21:38:48","modified_gmt":"2025-05-06T19:38:48","slug":"die-mieter","status":"publish","type":"page","link":"https:\/\/haus-schwarzenberg.org\/en\/die-mieter\/","title":{"rendered":"The Tenants"},"content":{"rendered":"<p class=\"translation-block\">Schwarzenberg e.V. is the largest of the four tenants in the building and occupies the main part of the rear building for the neurotitan gallery and store, its offices and its tenants. Facing the street is the Caf\u00e9 Cinema, whose d\u00e9cor is a reminder of the building's DEFA past, and then, in the first courtyard, the Silent Heroes exhibition, which, as part of the German Resistance Memorial, aims to commemorate people who showed civil courage under the Nazi regime. The Museum Blindenwerkstatt Otto Weidt is located in the adjoining side wing. The Anne Frank Center in the opposite part of the building is primarily aimed at school and youth groups and tells vividly about the life of Anne Frank. She herself was never in Berlin, but had to hide from the Nazis in a secret chamber in Amsterdam, just like Jews hidden by Otto Weidt in Haus Schwarzenberg.<\/p>\n<p><strong>Other tenants<\/strong><\/p>\n\n\n<div class=\"grid-container-box\">\n<div class=\"link-box\">\n<a href=\"https:\/\/www.alessandrocemolin.com\/\">Alessandro Cemolin <\/a>K\u00fcnstler\n<\/div>\n<div class=\"link-box\"><strong>Andrea Milano<\/strong><br \/>Toningenieur \/ Tonstudio<\/div>\n<div class=\"link-box\"><a href=\"https:\/\/annelentz.com\/\">Anne Lentz <\/a>K\u00fcnstlerin<\/div>\n<div class=\"link-box\"><a href=\"https:\/\/www.bande-a-part.de\/\">Band\u00e9 a Part&nbsp; <\/a>Tanz &amp; Performance<\/div>\n<div class=\"link-box\"><strong>Edita A. Karpinski<\/strong><br \/>K\u00fcnstlerin und Tattooartist<\/div>\n<div class=\"link-box\"><a href=\"https:\/\/www.eschschloraque.de\/\">Eschschloraque R\u00fcmschr\u00fcmp <\/a>K\u00fcnstlerbar<\/div>\n<div class=\"link-box\"><a href=\"https:\/\/www.henrykweiffenbach.de\/\">Henryk Weiffenbach <\/a>Fotograf<\/div>\n<div class=\"link-box\"><a href=\"https:\/\/www.hugodecarvalho.de\/\">Hugo de Carvalho &nbsp;<\/a>K\u00fcnstler<\/div>\n<div class=\"link-box\"><a href=\"http:\/\/www.illgalleries.com\/\">Ill Galleries &nbsp;<\/a>Ausstellungsort<\/div>\n<div class=\"link-box\"><a href=\"https:\/\/www.bykai.net\/\">KAI &#8211; Dead Chickens<\/a><\/div>\n<div class=\"link-box\"><a href=\"https:\/\/www.kino-central.de\/\">Kino Central <\/a>Programmkino<\/div>\n<div class=\"link-box\"><a href=\"https:\/\/www.korientation.de\/\">Korientation e.V<\/a>Netzwerk f\u00fcr Asiatisch-Deutsche Perspektiven<\/div>\n<div class=\"link-box\"><strong>Lauren Zoe Hinsch<\/strong><br \/>Fotografin<\/div>\n<div class=\"link-box\"><a href=\"https:\/\/www.smidd.com\/\">Lisa Smith <\/a>Grafikerin \/ K\u00fcnstlerin<\/div>\n<div class=\"link-box\"><strong>Mai Seck Casting<\/strong><br \/><strong>Film und TV Casting<\/strong> Agentur \/ K\u00fcnstlervermittlung<\/div>\n<div class=\"link-box\"><a href=\"https:\/\/www.manytentacles.com\/\">Many Tentacles <\/a>Siebdruckstudio, K\u00fcnstler:innen, Musiker:innen<\/div>\n<div class=\"link-box\"><a href=\"https:\/\/www.monsterkabinett.de\/\">Monsterkabinett<\/a>Dead Chickens Museum<\/div>\n<div class=\"link-box\"><a href=\"https:\/\/www.murataandfriends.de\/\">Murata &amp; Friends <\/a>Galerie und Kunstkurator<\/div>\n<div class=\"link-box\"><strong>Safy Etiel<\/strong><br \/>Videok\u00fcnstler<\/div>\n<div class=\"link-box\"><a href=\"http:\/\/www.sandrabecker01.de\/\">Sandra Becker<\/a> Medienk\u00fcnstlerin<\/div>\n<div class=\"link-box\"><strong>Sara L\u00fcttchen<\/strong><br \/>K\u00fcnstlerin<\/div>\n<div class=\"link-box\"><strong>Stefano Kolibay<\/strong><br \/>Lichtk\u00fcnstler und Architekt<\/div>\n<div class=\"link-box\"><a href=\"https:\/\/www.studiohoekstra.com\/en\">Studio Hoekstra <\/a>Designagentur<\/div>\n<div class=\"link-box\"><a href=\"https:\/\/yuhki.de\/bio\/\">Yuko Matsuyama<\/a> Musikerin und Performancek\u00fcnstlerin<\/div>\n<\/div>\n\n\n\n<p><\/p>","protected":false},"excerpt":{"rendered":"<p>Schwarzenberg e.V. ist die gr\u00f6\u00dfte der vier Mietparteien im Geb\u00e4ude und nimmt den ma\u00dfgeblichen Teil des hinteren Geb\u00e4udes f\u00fcr neurotitan Galerie und Shop, seine B\u00fcror\u00e4ume sowie seine Mieter ein. Zur Stra\u00dfe hin gibt es noch das Caf\u00e9 Cinema, das mit seinem Dekor auf die DEFA Vergangenheit des Geb\u00e4udes erinnert, dann, am ersten Hof gelegen, die &hellip; <a href=\"https:\/\/haus-schwarzenberg.org\/en\/die-mieter\/\" class=\"more-link\">Continue reading <span class=\"screen-reader-text\">The Tenants<\/span> <span class=\"meta-nav\">&rarr;<\/span><\/a><\/p>","protected":false},"author":3,"featured_media":0,"parent":0,"menu_order":2,"comment_status":"closed","ping_status":"closed","template":"","meta":{"footnotes":"","_links_to":"","_links_to_target":""},"class_list":["post-420","page","type-page","status-publish","hentry"],"_links":{"self":[{"href":"https:\/\/haus-schwarzenberg.org\/en\/wp-json\/wp\/v2\/pages\/420","targetHints":{"allow":["GET"]}}],"collection":[{"href":"https:\/\/haus-schwarzenberg.org\/en\/wp-json\/wp\/v2\/pages"}],"about":[{"href":"https:\/\/haus-schwarzenberg.org\/en\/wp-json\/wp\/v2\/types\/page"}],"author":[{"embeddable":true,"href":"https:\/\/haus-schwarzenberg.org\/en\/wp-json\/wp\/v2\/users\/3"}],"replies":[{"embeddable":true,"href":"https:\/\/haus-schwarzenberg.org\/en\/wp-json\/wp\/v2\/comments?post=420"}],"version-history":[{"count":36,"href":"https:\/\/haus-schwarzenberg.org\/en\/wp-json\/wp\/v2\/pages\/420\/revisions"}],"predecessor-version":[{"id":4058,"href":"https:\/\/haus-schwarzenberg.org\/en\/wp-json\/wp\/v2\/pages\/420\/revisions\/4058"}],"wp:attachment":[{"href":"https:\/\/haus-schwarzenberg.org\/en\/wp-json\/wp\/v2\/media?parent=420"}],"curies":[{"name":"wp","href":"https:\/\/api.w.org\/{rel}","templated":true}]}}