{"id":410,"date":"2010-04-06T13:14:54","date_gmt":"2010-04-06T12:14:54","guid":{"rendered":"http:\/\/test.haus-schwarzenberg.org\/?page_id=410"},"modified":"2014-01-30T17:06:17","modified_gmt":"2014-01-30T16:06:17","slug":"das-haus","status":"publish","type":"page","link":"https:\/\/haus-schwarzenberg.org\/en\/das-haus\/","title":{"rendered":"The House"},"content":{"rendered":"<p>Since the second half of the 19th century, the house can look back on an interesting and eventful history of construction and use: factory building, living quarters, DEFA headquarters, brush workshop with a Jewish family hiding place - these are just some of the past stations of Haus Schwarzenberg. It is also an integral part of the Spandauer Vorstadt area monument.<\/p>\n<p>Today, the significance of the house is revealed above all in contrast to its neighborhood. Between Starbucks and high-end boutiques, there is still a place where small businesses, artists and cultural workers can work and survive. Behind this is the Schwarzenberg e.V. association, which provides them with space to work and has dedicated itself to them. It is also thanks to this association that the building, which had been left to decay during the reunification period, was saved and made usable: by investing its own financial resources and a great deal of time and energy, the association has laid the foundations for the current appearance and characteristic mixed use of Haus Schwarzenberg since the mid-1990s. In 2005, the house, which is now a listed building, was purchased at auction with funds from the federal government and the Lotto Foundation. The current usage concept and appearance of the house are to continue. <!-- mit der neurotitan Galerie der marktunabh\u00e4ngigen Kunstpr\u00e4sentation --> verschrieben hat. Ihm ist es auch zu verdanken, dass das zu Wendezeiten dem Verfall \u00fcberlassene Haus gerettet und nutzbar wurde: unter Aufwendung eigener finanzieller Mittel sowie jeder Menge Zeit und Kraft hat der Verein seit Mitte der 90er Jahre die Grundsteine f\u00fcr das heutige Erscheinungsbild und die charakteristische Mischnutzung von Haus Schwarzenberg gelegt. 2005 wurde das mittlerweile unter Denkmalschutz stehende Haus mit Geldern des Bundes und der Stiftung Lotto ersteigert. Das derzeitige Nutzungskonzept wie Erscheinungsbild des Hauses soll auch weiterhin Bestand haben.<\/p>\n<p>The building at number 39 on Rosenthaler Stra\u00dfe stands out from the neighboring building ensembles of Hackesche H\u00f6fe and Rosenh\u00f6fe, and not just visually: Right in the center of commerce and tourist kitsch, there is a place that has retained its authentic character in two respects: As a testimony to German history and as a lively place of international creative subculture. Even in the narrow passageway to the first courtyard, visitors will discover the first traces of urban art and street art artists on the crumbling fa\u00e7ade, who are attracted by the characteristic texture of the walls and fa\u00e7ades.  The Schwarzenberg e.V. association runs the neurotitan gallery and store in the rear building - a well-known address for anyone interested in painting, illustration, comics and urban art outside the mainstream. The audience is heterogeneous and international: in addition to night-time moviegoers and clubbers, many people interested in art and culture are drawn to the building, while in the mornings it is mainly school classes, youth and tourist groups who visit the permanent exhibitions in the building. They all enjoy the lively character of the courtyards guarded by metal creatures. In this way, the various facilities in the house benefit from each other by each attracting a new, atypical audience.<\/p>","protected":false},"excerpt":{"rendered":"<p>Seit der zweiten H\u00e4lfte des 19. Jahrhunderts blickt das Haus auf eine interessante und bewegte Bau- und Nutzungsgeschichte zur\u00fcck: Fabrikgeb\u00e4ude, Wohnraum, DEFA \u2013Sitz, B\u00fcrstenwerkstatt mit Versteck einer j\u00fcdischen Familie \u2013 dies sind nur einige der vergangenen Stationen von Haus Schwarzenberg. Zudem ist es konstitutiver Bestandteil des Fl\u00e4chendenkmals Spandauer Vorstadt. Heute erschlie\u00dft sich die Bedeutung des &hellip; <a href=\"https:\/\/haus-schwarzenberg.org\/en\/das-haus\/\" class=\"more-link\">Continue reading <span class=\"screen-reader-text\">The House<\/span> <span class=\"meta-nav\">&rarr;<\/span><\/a><\/p>","protected":false},"author":3,"featured_media":0,"parent":0,"menu_order":1,"comment_status":"closed","ping_status":"closed","template":"","meta":{"footnotes":"","_links_to":"","_links_to_target":""},"class_list":["post-410","page","type-page","status-publish","hentry"],"_links":{"self":[{"href":"https:\/\/haus-schwarzenberg.org\/en\/wp-json\/wp\/v2\/pages\/410","targetHints":{"allow":["GET"]}}],"collection":[{"href":"https:\/\/haus-schwarzenberg.org\/en\/wp-json\/wp\/v2\/pages"}],"about":[{"href":"https:\/\/haus-schwarzenberg.org\/en\/wp-json\/wp\/v2\/types\/page"}],"author":[{"embeddable":true,"href":"https:\/\/haus-schwarzenberg.org\/en\/wp-json\/wp\/v2\/users\/3"}],"replies":[{"embeddable":true,"href":"https:\/\/haus-schwarzenberg.org\/en\/wp-json\/wp\/v2\/comments?post=410"}],"version-history":[{"count":3,"href":"https:\/\/haus-schwarzenberg.org\/en\/wp-json\/wp\/v2\/pages\/410\/revisions"}],"predecessor-version":[{"id":2510,"href":"https:\/\/haus-schwarzenberg.org\/en\/wp-json\/wp\/v2\/pages\/410\/revisions\/2510"}],"wp:attachment":[{"href":"https:\/\/haus-schwarzenberg.org\/en\/wp-json\/wp\/v2\/media?parent=410"}],"curies":[{"name":"wp","href":"https:\/\/api.w.org\/{rel}","templated":true}]}}