{"id":2559,"date":"2014-01-31T16:12:23","date_gmt":"2014-01-31T15:12:23","guid":{"rendered":"https:\/\/haus-schwarzenberg.org\/?page_id=2559"},"modified":"2024-06-11T18:21:33","modified_gmt":"2024-06-11T16:21:33","slug":"spielregeln","status":"publish","type":"page","link":"https:\/\/haus-schwarzenberg.org\/en\/das-haus\/spielregeln\/","title":{"rendered":"Game rules"},"content":{"rendered":"<div class=\"\"><b class=\"\">Welcome to Haus Schwarzenberg!<\/b><\/div>\n<div class=\"\"><b class=\"\">\u00a0<\/b><\/div>\n<div class=\"\"><b class=\"\">Haus Schwarzenberg is a self-managed project. We want to create - and maintain - a peaceful, creative and pleasant place for everyone to live together in a spirit of respect.<\/b><\/div>\n<div class=\"\"><\/div>\n<div class=\"\">\n<p><b class=\"\">To ensure that everyone feels welcome and valued, we ask you to observe the following points:<\/b><\/p>\n<p>* Please keep the (escape) routes and stairwells clear and allow others to pass through unhindered!<\/p>\n<p>* Please park bicycles and e-scooters outside the building!<\/p>\n<p>* Please ensure that the maximum group size is 12 people! Exceptions apply for school classes and registered groups<\/p>\n<p>* Please pay attention to a reasonable volume and avoid unnecessary noise!<\/p>\n<p>* Please take your garbage with you or dispose of it in the garbage cans provided!<\/p>\n<p>* The trade and consumption of cannabis and illegal drugs is prohibited.<\/p>\n<p>* The carrying of weapons or dangerous objects is prohibited.<\/p>\n<p>* Commercial photography and filming are not permitted. Please accept the right to your own image and only take photos of other people with their consent!<\/p>\n<p>* Haus Schwarzenberg has no place for anti-Semitism, racism, sexism, queerophobia, misogyny and discrimination of any kind.<\/p>\n<p>* In the event of violations of our house rules, we reserve the right to exercise our domiciliary rights. The instructions of the staff must be followed.<\/p>\n<\/div>\n<div class=\"\">Thank you very much for your appreciation!<\/div>","protected":false},"excerpt":{"rendered":"<p>Willkommen im Haus Schwarzenberg! \u00a0 Das Haus Schwarzenberg ist ein selbstverwaltetes Projekt. Bei einem respektvollen Miteinander wollen wir einen friedlichen, kreativen und angenehmen Ort f\u00fcr alle schaffen \u2013 und erhalten. Damit sich bei uns alle Menschen willkommen und wertgesch\u00e4tzt f\u00fchlen, bitten wir euch folgende Punkte zu beachten: * Bitte haltet die (Flucht-)Wege und Treppenh\u00e4user frei &hellip; <a href=\"https:\/\/haus-schwarzenberg.org\/en\/das-haus\/spielregeln\/\" class=\"more-link\">Continue reading <span class=\"screen-reader-text\">Game rules<\/span> <span class=\"meta-nav\">&rarr;<\/span><\/a><\/p>","protected":false},"author":1,"featured_media":0,"parent":410,"menu_order":0,"comment_status":"closed","ping_status":"closed","template":"","meta":{"footnotes":"","_links_to":"","_links_to_target":""},"class_list":["post-2559","page","type-page","status-publish","hentry"],"_links":{"self":[{"href":"https:\/\/haus-schwarzenberg.org\/en\/wp-json\/wp\/v2\/pages\/2559","targetHints":{"allow":["GET"]}}],"collection":[{"href":"https:\/\/haus-schwarzenberg.org\/en\/wp-json\/wp\/v2\/pages"}],"about":[{"href":"https:\/\/haus-schwarzenberg.org\/en\/wp-json\/wp\/v2\/types\/page"}],"author":[{"embeddable":true,"href":"https:\/\/haus-schwarzenberg.org\/en\/wp-json\/wp\/v2\/users\/1"}],"replies":[{"embeddable":true,"href":"https:\/\/haus-schwarzenberg.org\/en\/wp-json\/wp\/v2\/comments?post=2559"}],"version-history":[{"count":10,"href":"https:\/\/haus-schwarzenberg.org\/en\/wp-json\/wp\/v2\/pages\/2559\/revisions"}],"predecessor-version":[{"id":3772,"href":"https:\/\/haus-schwarzenberg.org\/en\/wp-json\/wp\/v2\/pages\/2559\/revisions\/3772"}],"up":[{"embeddable":true,"href":"https:\/\/haus-schwarzenberg.org\/en\/wp-json\/wp\/v2\/pages\/410"}],"wp:attachment":[{"href":"https:\/\/haus-schwarzenberg.org\/en\/wp-json\/wp\/v2\/media?parent=2559"}],"curies":[{"name":"wp","href":"https:\/\/api.w.org\/{rel}","templated":true}]}}