{"id":2552,"date":"2014-01-31T16:00:32","date_gmt":"2014-01-31T15:00:32","guid":{"rendered":"https:\/\/haus-schwarzenberg.org\/?page_id=2552"},"modified":"2014-01-31T16:30:38","modified_gmt":"2014-01-31T15:30:38","slug":"presse","status":"publish","type":"page","link":"https:\/\/haus-schwarzenberg.org\/en\/presse\/","title":{"rendered":"Presse"},"content":{"rendered":"<p>Auf den folgenden Seiten sind Texte aus den Medien \/ f\u00fcr die Medien zu finden:<\/p>\n<ul>\n<li><a title=\"Pressemitteilungen\" href=\"https:\/\/haus-schwarzenberg.org\/en\/presse\/pressemitteilungen\/\">Pressemitteilungen<\/a><\/li>\n<li><a title=\"Pressespiegel\" href=\"https:\/\/haus-schwarzenberg.org\/en\/presse\/pressespiegel\/\">Pressespiegel<\/a><\/li>\n<li><a title=\"Pressebereich (gesch\u00fctzt)\" href=\"https:\/\/haus-schwarzenberg.org\/en\/presse\/pressebereich-geschuetzt\/\">Pressebereich (gesch\u00fctzt)<\/a><\/li>\n<\/ul>\n<p>F\u00fcr allgemeine Informationen \u00fcber das Haus, <a title=\"FAQ\" href=\"https:\/\/haus-schwarzenberg.org\/en\/das-haus\/haeugig-gestellten-fragen\/\">siehe die h\u00e4ufig gestellten Fragen<\/a>.<\/p>","protected":false},"excerpt":{"rendered":"<p>Auf den folgenden Seiten sind Texte aus den Medien \/ f\u00fcr die Medien zu finden: Pressemitteilungen Pressespiegel Pressebereich (gesch\u00fctzt) F\u00fcr allgemeine Informationen \u00fcber das Haus, siehe die h\u00e4ufig gestellten Fragen.<\/p>","protected":false},"author":1,"featured_media":0,"parent":0,"menu_order":6,"comment_status":"closed","ping_status":"closed","template":"","meta":{"footnotes":"","_links_to":"","_links_to_target":""},"class_list":["post-2552","page","type-page","status-publish","hentry"],"_links":{"self":[{"href":"https:\/\/haus-schwarzenberg.org\/en\/wp-json\/wp\/v2\/pages\/2552","targetHints":{"allow":["GET"]}}],"collection":[{"href":"https:\/\/haus-schwarzenberg.org\/en\/wp-json\/wp\/v2\/pages"}],"about":[{"href":"https:\/\/haus-schwarzenberg.org\/en\/wp-json\/wp\/v2\/types\/page"}],"author":[{"embeddable":true,"href":"https:\/\/haus-schwarzenberg.org\/en\/wp-json\/wp\/v2\/users\/1"}],"replies":[{"embeddable":true,"href":"https:\/\/haus-schwarzenberg.org\/en\/wp-json\/wp\/v2\/comments?post=2552"}],"version-history":[{"count":4,"href":"https:\/\/haus-schwarzenberg.org\/en\/wp-json\/wp\/v2\/pages\/2552\/revisions"}],"predecessor-version":[{"id":2567,"href":"https:\/\/haus-schwarzenberg.org\/en\/wp-json\/wp\/v2\/pages\/2552\/revisions\/2567"}],"wp:attachment":[{"href":"https:\/\/haus-schwarzenberg.org\/en\/wp-json\/wp\/v2\/media?parent=2552"}],"curies":[{"name":"wp","href":"https:\/\/api.w.org\/{rel}","templated":true}]}}