{"id":1513,"date":"2011-03-16T19:31:18","date_gmt":"2011-03-16T18:31:18","guid":{"rendered":"https:\/\/haus-schwarzenberg.org\/?page_id=1513"},"modified":"2016-09-22T11:48:44","modified_gmt":"2016-09-22T09:48:44","slug":"stefano-kollibay","status":"publish","type":"page","link":"https:\/\/haus-schwarzenberg.org\/en\/schwarzenberg-e-v\/jubilaum-2010\/stefano-kollibay\/","title":{"rendered":"Stefano Kollibay_Interview"},"content":{"rendered":"<p>5 Fragen an:<img loading=\"lazy\" decoding=\"async\" class=\"alignright\" title=\"stefano\" src=\"\/wp-content\/uploads\/stefano-klein.jpg\" alt=\"stefano\" width=\"340\" height=\"240\" \/><\/p>\n<p><strong>Stefano Kollibay <\/strong>kommt \u00fcber die Architektur zu Arbeit mit dem Medium Licht. \u00dcber den Modellau zur Produktion von Leuchten. \u00dcber zahlreiche Kooperationen in Architektur, Theater, Messe- und Eventgestaltung, tempor\u00e4rer Baukunst entsteht <em>Glimmlighting<\/em> als eine neue Unternehmung zum Leuchten- Ausleuchten &#8211; Einleuchten.<\/p>\n<p><a href=\"http:\/\/www.glimmlighting.com\/glimm_start.swf\" target=\"_blank\">Mehr Info<\/a><\/p>\n<p><strong>Bei Haus Schwarzenberg denkst du an &#8230;<\/strong><\/p>\n<p>Tauben, Disco und Touristen.<\/p>\n<p><strong>Wie w\u00fcrdest du dasHaus Schwarzenberg beschreiben?<\/strong><br \/>\nEin rohgeschliffenes Juvel. Micro-Stadtentwicklung vom feinsten (ohne Planung, aber durch Motivation und mitLeidenschaft). Vielfalt und Toleranz. 24 Stunden sind hier ein reiches Spektrum an Urbanit\u00e4t.<\/p>\n<p><strong>Welche bedeutung hat das Haus Schwarzenberg deiner meinung nach f\u00fcr die Berliner Kunst- und Kulturszene?<\/strong><\/p>\n<p>Gesundes Understatement in seinen vielf\u00e4ltigen Disziplinen. Auf den Inhalt kommt es an. Im einzelnen und als ganzes findet sich hier eine Ballung anK\u00fcnstlerischer und kultureller Produktion.<\/p>\n<p><strong>Woher kennst du Haus Schwarzenberg?<\/strong><\/p>\n<p>Diesen Namen, seit es ihn gibt. Den ort durch meinen besten Freund Nico, damals in den wilden Neunzigern am Milchhof, wo sie alle durchliefen.<\/p>\n<p>Eigentlich wollte ich in das bis auf eine Druckerei leerstehende Hinterhaus der rothen Apotheke gegen\u00fcber. Auf dem Flachdach stand ein kleines H\u00e4uschen, in das derFernsehturm zu fallen schien. Ich ma\u00df es auf und zeichnete.<\/p>\n<p>Dann wurde hei\u00df entmietet, es war weg und hier in der 39 tat sich das gro\u00dfe, graue Tor auf mit dem heutigen Kernhof des Haus Schwarzenberg.<\/p>\n<p><strong>Was hat sich in den letzten 15 jahren ver\u00e4ndert?<\/strong><\/p>\n<p>Eigentlich nix, au\u00dfer, da\u00df es b\u00fcrokratisch gefestigter ist. Das Publikum ist monochromer als vor jahren, was hei\u00dft, da\u00df der komplex als ganzer mehr wahrgenommen wird. Es ist nachwievor inspirierend hier zu sein.<\/p>\n<p>15 jahre Haus Schwarzenberg haben sich gefestigt, anker geworfen im Berlin vonHeute mit seinen ausstrahlungen. Es bleibt lebendig und vielf\u00e4ltig, wie seit 1769, seitdem hier an der 39 ein erstes haus steht. Inspirierend!!!<\/p>\n<p>An Haus: jetzt haste `nen neuen Hut, bald neue Kleider, und immer wieder jede menge trubel um deine Schuhe. Man kann dir aber immer noch unter die Bluse linsen. Ein gl\u00fcck!<\/p>\n<p>&nbsp;<\/p>\n<p>&lt;!&#8211;<strong>Stefano Kollibay hat gerade sein Buch &#8222;<em>Hotel von Welten<\/em>&#8220; \u00fcber Haus Schwarzenbergs Geschichte ver\u00f6ffentlicht. &#8211;&gt;<\/strong><\/p>","protected":false},"excerpt":{"rendered":"<p>5 Fragen an: Stefano Kollibay kommt \u00fcber die Architektur zu Arbeit mit dem Medium Licht. \u00dcber den Modellau zur Produktion von Leuchten. \u00dcber zahlreiche Kooperationen in Architektur, Theater, Messe- und Eventgestaltung, tempor\u00e4rer Baukunst entsteht Glimmlighting als eine neue Unternehmung zum Leuchten- Ausleuchten &#8211; Einleuchten. Mehr Info Bei Haus Schwarzenberg denkst du an &#8230; Tauben, Disco &hellip; <a href=\"https:\/\/haus-schwarzenberg.org\/en\/schwarzenberg-e-v\/jubilaum-2010\/stefano-kollibay\/\" class=\"more-link\">Continue reading <span class=\"screen-reader-text\">Stefano Kollibay_Interview<\/span> <span class=\"meta-nav\">&rarr;<\/span><\/a><\/p>","protected":false},"author":3,"featured_media":0,"parent":1123,"menu_order":3,"comment_status":"closed","ping_status":"closed","template":"","meta":{"footnotes":"","_links_to":"","_links_to_target":""},"class_list":["post-1513","page","type-page","status-publish","hentry"],"_links":{"self":[{"href":"https:\/\/haus-schwarzenberg.org\/en\/wp-json\/wp\/v2\/pages\/1513","targetHints":{"allow":["GET"]}}],"collection":[{"href":"https:\/\/haus-schwarzenberg.org\/en\/wp-json\/wp\/v2\/pages"}],"about":[{"href":"https:\/\/haus-schwarzenberg.org\/en\/wp-json\/wp\/v2\/types\/page"}],"author":[{"embeddable":true,"href":"https:\/\/haus-schwarzenberg.org\/en\/wp-json\/wp\/v2\/users\/3"}],"replies":[{"embeddable":true,"href":"https:\/\/haus-schwarzenberg.org\/en\/wp-json\/wp\/v2\/comments?post=1513"}],"version-history":[{"count":3,"href":"https:\/\/haus-schwarzenberg.org\/en\/wp-json\/wp\/v2\/pages\/1513\/revisions"}],"predecessor-version":[{"id":3148,"href":"https:\/\/haus-schwarzenberg.org\/en\/wp-json\/wp\/v2\/pages\/1513\/revisions\/3148"}],"up":[{"embeddable":true,"href":"https:\/\/haus-schwarzenberg.org\/en\/wp-json\/wp\/v2\/pages\/1123"}],"wp:attachment":[{"href":"https:\/\/haus-schwarzenberg.org\/en\/wp-json\/wp\/v2\/media?parent=1513"}],"curies":[{"name":"wp","href":"https:\/\/api.w.org\/{rel}","templated":true}]}}