{"id":122,"date":"2010-03-21T09:42:54","date_gmt":"2010-03-21T09:42:54","guid":{"rendered":"http:\/\/test.haus-schwarzenberg.org\/?page_id=122"},"modified":"2014-01-31T12:44:01","modified_gmt":"2014-01-31T11:44:01","slug":"spenden","status":"publish","type":"page","link":"https:\/\/haus-schwarzenberg.org\/en\/spenden\/","title":{"rendered":"Donations"},"content":{"rendered":"<p>Unterst\u00fctzen Sie <strong>Schwarzenberg e.V.<\/strong> mit einer Spende. Jeder Euro z\u00e4hlt.<\/p>\n<p><em>Spenden und Mitgliedsbeitr\u00e4ge sind im Allgemeinen steuerlich absetzbar.<\/em><\/p>\n<\/p>\n<div>\n<p><strong>Spendenkonto<\/strong><\/p>\n<blockquote>\n<p>Schwarzenberg e.V.<br \/>\n IBAN: DE61100208900326102679<br \/>\n Bank: Hypovereinsbank<br \/>\n BIC: HYVEDEMM488<\/p>\n<\/blockquote>\n<\/div>\n<p><strong>Im Verwendungszweck unbedingt die Steuernummer des Vereins angeben: 27\/677\/52815<\/strong><\/p>\n<\/p>\n<p>Sie k\u00f6nnen auch durch <a href=\"https:\/\/www.paypal.de\">PayPal<\/a> spenden:\n<\/p>\n<blockquote><p><a href=\"https:\/\/www.paypal.com\/cgi-bin\/webscr?cmd=_s-xclick&#038;hosted_button_id=AX97KWMHZG2B2\"><img decoding=\"async\" src=\"https:\/\/www.paypalobjects.com\/de_DE\/DE\/i\/btn\/btn_donate_LG.gif\" border=\"0\" name=\"submit\" alt=\"Jetzt einfach, schnell und sicher online bezahlen \u2013 mit PayPal.\"\/><\/a><\/p><\/blockquote>","protected":false},"excerpt":{"rendered":"<p>Unterst\u00fctzen Sie Schwarzenberg e.V. mit einer Spende. Jeder Euro z\u00e4hlt. Spenden und Mitgliedsbeitr\u00e4ge sind im Allgemeinen steuerlich absetzbar. Spendenkonto Schwarzenberg e.V. IBAN: DE61100208900326102679 Bank: Hypovereinsbank BIC: HYVEDEMM488 Im Verwendungszweck unbedingt die Steuernummer des Vereins angeben: 27\/677\/52815 Sie k\u00f6nnen auch durch PayPal spenden:<\/p>","protected":false},"author":2,"featured_media":0,"parent":0,"menu_order":4,"comment_status":"closed","ping_status":"closed","template":"","meta":{"footnotes":"","_links_to":"","_links_to_target":""},"class_list":["post-122","page","type-page","status-publish","hentry"],"_links":{"self":[{"href":"https:\/\/haus-schwarzenberg.org\/en\/wp-json\/wp\/v2\/pages\/122","targetHints":{"allow":["GET"]}}],"collection":[{"href":"https:\/\/haus-schwarzenberg.org\/en\/wp-json\/wp\/v2\/pages"}],"about":[{"href":"https:\/\/haus-schwarzenberg.org\/en\/wp-json\/wp\/v2\/types\/page"}],"author":[{"embeddable":true,"href":"https:\/\/haus-schwarzenberg.org\/en\/wp-json\/wp\/v2\/users\/2"}],"replies":[{"embeddable":true,"href":"https:\/\/haus-schwarzenberg.org\/en\/wp-json\/wp\/v2\/comments?post=122"}],"version-history":[{"count":3,"href":"https:\/\/haus-schwarzenberg.org\/en\/wp-json\/wp\/v2\/pages\/122\/revisions"}],"predecessor-version":[{"id":2595,"href":"https:\/\/haus-schwarzenberg.org\/en\/wp-json\/wp\/v2\/pages\/122\/revisions\/2595"}],"wp:attachment":[{"href":"https:\/\/haus-schwarzenberg.org\/en\/wp-json\/wp\/v2\/media?parent=122"}],"curies":[{"name":"wp","href":"https:\/\/api.w.org\/{rel}","templated":true}]}}